{"id":751,"date":"2021-12-06T14:44:18","date_gmt":"2021-12-06T18:44:18","guid":{"rendered":"https:\/\/mobilizingjustice.ca\/?page_id=751"},"modified":"2021-12-07T17:58:47","modified_gmt":"2021-12-07T21:58:47","slug":"nos-partenaires","status":"publish","type":"page","link":"https:\/\/mobilizingjustice.ca\/fr\/nos-partenaires\/","title":{"rendered":"Nos partenaires"},"content":{"rendered":"\n<h2 class=\"wp-block-heading\">Une expertise inestimable<\/h2>\n\n\n\n<p>Nos partenaires apporteront leur expertise, dirigeront l&#8217;attention des groupes de travail et joueront un r\u00f4le essentiel dans la collecte de donn\u00e9es, l&#8217;engagement communautaire, la conception de projets pilotes, etc.<\/p>\n\n\n\n<ul class=\"wp-block-list\"><li><strong>Amalgamated Transit Union Canada<\/strong> ETOBICOKE ON<\/li><li><strong>Autorit\u00e9 r\u00e9gionale de transport m\u00e9tropolitain<\/strong> MONTR\u00c9AL QC<\/li><li><strong>Canada Mortgage and Housing Corporation<\/strong> OTTAWA ON<\/li><li><strong>Canadian Institute of Planners<\/strong> OTTAWA ON<\/li><li><strong>Canadian Urban Transit Association<\/strong> (CUTA) TORONTO ON<\/li><li><strong>Centre interdisciplinaire de recherche en op\u00e9rationnalisation du d\u00e9veloppement durable<\/strong> MONTR\u00c9AL QC<\/li><li><strong>City of Edmonton<\/strong> EDMONTON AB<\/li><li><strong>City of Toronto<\/strong> TORONTO ON<\/li><li><strong>City of Vancouver<\/strong> VANCOUVER BC<\/li><li><strong>Clean Air Partnership<\/strong> TORONTO ON<\/li><li><strong>ESRI Canada<\/strong> TORONTO ON<\/li><li><strong>Federation of Canadian Municipalities<\/strong> OTTAWA ON<\/li><li><strong>Infrastructure Canada<\/strong> OTTAWA ON<\/li><li><strong>McGill University<\/strong> MONTREAL QC<\/li><li><strong>McMaster University<\/strong> HAMILTON ON<\/li><li><strong>Memorial University of Newfoundland<\/strong> ST. JOHN&#8217;S NL<\/li><li><strong>Metrolinx<\/strong> TORONTO ON<\/li><li><strong>Pantonium Inc.<\/strong> TORONTO ON<\/li><li><strong>Regional Municipality of Waterloo<\/strong> KITCHENER ON<\/li><li><strong>Regional Municipality of York<\/strong> NEWMARKET ON<\/li><li><strong>RideShark Corporation<\/strong> NEPEAN ON<\/li><li><strong>Simon Fraser University<\/strong> BURNABY BC<\/li><li><strong>Spare Labs Inc.<\/strong> VANCOUVER BC<\/li><li><strong>Statistics Canada <\/strong>OTTAWA ON<\/li><li><strong>The City of Calgary<\/strong> CALGARY AB<\/li><li><strong>The Pembina Institute<\/strong> TORONTO ON<\/li><li><strong>The University of British Columbia<\/strong> VANCOUVER BC<\/li><li><strong>Toronto Transit Commission<\/strong> TORONTO ON<\/li><li><strong>Transit Inc.<\/strong> SAINT-L\u00c9ONARD QC<\/li><li><strong>TransLink &#8211; South Coast British Columbia Transportation Authority<\/strong> NEW WESTMINSTER BC<\/li><li><strong>United Way<\/strong> TORONTO ON<\/li><li><strong>Universit\u00e9 de Montr\u00e9al<\/strong> MONTR\u00c9AL QC<\/li><li><strong>University of Manitoba<\/strong> WINNIPEG MB<\/li><li><strong>University of Oregon<\/strong> EUGENE OR<\/li><li><strong>University of Texas at Austin<\/strong> AUSTIN TX<\/li><li><strong>University of Waterloo<\/strong> WATERLOO ON<\/li><li><strong>Urban Strategies Incorporated<\/strong> TORONTO ON<\/li><li><strong>Via Transportation, Inc.<\/strong> NEW YORK NY<\/li><li><strong>Ville de Montr\u00e9al <\/strong>MONTR\u00c9AL QC<\/li><\/ul>\n","protected":false},"excerpt":{"rendered":"<p>Une expertise inestimable Nos partenaires apporteront leur expertise, dirigeront l&#8217;attention des groupes de travail et joueront un r\u00f4le essentiel dans la collecte de donn\u00e9es, l&#8217;engagement communautaire, la conception de projets pilotes, etc. Amalgamated Transit Union Canada ETOBICOKE ON Autorit\u00e9 r\u00e9gionale de transport m\u00e9tropolitain MONTR\u00c9AL QC Canada Mortgage and Housing Corporation OTTAWA ON Canadian Institute of [&hellip;]<\/p>\n","protected":false},"author":1,"featured_media":636,"parent":0,"menu_order":0,"comment_status":"closed","ping_status":"closed","template":"templates\/page-hero.php","meta":{"_acf_changed":false,"footnotes":""},"wf_page_folders":[],"class_list":["post-751","page","type-page","status-publish","has-post-thumbnail","hentry"],"acf":[],"yoast_head":"<!-- This site is optimized with the Yoast SEO plugin v25.7 - https:\/\/yoast.com\/wordpress\/plugins\/seo\/ -->\n<title>Nos partenaires - Mobilizing Justice<\/title>\n<meta name=\"robots\" content=\"index, follow, max-snippet:-1, max-image-preview:large, max-video-preview:-1\" \/>\n<link rel=\"canonical\" href=\"https:\/\/mobilizingjustice.ca\/fr\/nos-partenaires\/\" \/>\n<meta property=\"og:locale\" content=\"fr_FR\" \/>\n<meta property=\"og:type\" content=\"article\" \/>\n<meta property=\"og:title\" content=\"Nos partenaires - Mobilizing Justice\" \/>\n<meta property=\"og:description\" content=\"Une expertise inestimable Nos partenaires apporteront leur expertise, dirigeront l&#8217;attention des groupes de travail et joueront un r\u00f4le essentiel dans la collecte de donn\u00e9es, l&#8217;engagement communautaire, la conception de projets pilotes, etc. Amalgamated Transit Union Canada ETOBICOKE ON Autorit\u00e9 r\u00e9gionale de transport m\u00e9tropolitain MONTR\u00c9AL QC Canada Mortgage and Housing Corporation OTTAWA ON Canadian Institute of [&hellip;]\" \/>\n<meta property=\"og:url\" content=\"https:\/\/mobilizingjustice.ca\/fr\/nos-partenaires\/\" \/>\n<meta property=\"og:site_name\" content=\"Mobilizing Justice\" \/>\n<meta property=\"article:modified_time\" content=\"2021-12-07T21:58:47+00:00\" \/>\n<meta property=\"og:image\" content=\"https:\/\/mobilizingjustice.ca\/wp-content\/uploads\/2021\/11\/about-our-partners.jpg\" \/>\n\t<meta property=\"og:image:width\" content=\"2400\" \/>\n\t<meta property=\"og:image:height\" content=\"1170\" \/>\n\t<meta property=\"og:image:type\" content=\"image\/jpeg\" \/>\n<meta name=\"twitter:card\" content=\"summary_large_image\" \/>\n<meta name=\"twitter:label1\" content=\"Est. reading time\" \/>\n\t<meta name=\"twitter:data1\" content=\"2 minutes\" \/>\n<script type=\"application\/ld+json\" class=\"yoast-schema-graph\">{\"@context\":\"https:\/\/schema.org\",\"@graph\":[{\"@type\":\"WebPage\",\"@id\":\"https:\/\/mobilizingjustice.ca\/fr\/nos-partenaires\/\",\"url\":\"https:\/\/mobilizingjustice.ca\/fr\/nos-partenaires\/\",\"name\":\"Nos partenaires - Mobilizing Justice\",\"isPartOf\":{\"@id\":\"https:\/\/mobilizingjustice.ca\/fr\/#website\"},\"primaryImageOfPage\":{\"@id\":\"https:\/\/mobilizingjustice.ca\/fr\/nos-partenaires\/#primaryimage\"},\"image\":{\"@id\":\"https:\/\/mobilizingjustice.ca\/fr\/nos-partenaires\/#primaryimage\"},\"thumbnailUrl\":\"https:\/\/mobilizingjustice.ca\/wp-content\/uploads\/2021\/11\/about-our-partners.jpg\",\"datePublished\":\"2021-12-06T18:44:18+00:00\",\"dateModified\":\"2021-12-07T21:58:47+00:00\",\"inLanguage\":\"fr-FR\",\"potentialAction\":[{\"@type\":\"ReadAction\",\"target\":[\"https:\/\/mobilizingjustice.ca\/fr\/nos-partenaires\/\"]}]},{\"@type\":\"ImageObject\",\"inLanguage\":\"fr-FR\",\"@id\":\"https:\/\/mobilizingjustice.ca\/fr\/nos-partenaires\/#primaryimage\",\"url\":\"https:\/\/mobilizingjustice.ca\/wp-content\/uploads\/2021\/11\/about-our-partners.jpg\",\"contentUrl\":\"https:\/\/mobilizingjustice.ca\/wp-content\/uploads\/2021\/11\/about-our-partners.jpg\",\"width\":2400,\"height\":1170},{\"@type\":\"WebSite\",\"@id\":\"https:\/\/mobilizingjustice.ca\/fr\/#website\",\"url\":\"https:\/\/mobilizingjustice.ca\/fr\/\",\"name\":\"Mobilizing Justice\",\"description\":\"Towards Evidence-Based Transportation Equity Policy\",\"potentialAction\":[{\"@type\":\"SearchAction\",\"target\":{\"@type\":\"EntryPoint\",\"urlTemplate\":\"https:\/\/mobilizingjustice.ca\/fr\/?s={search_term_string}\"},\"query-input\":{\"@type\":\"PropertyValueSpecification\",\"valueRequired\":true,\"valueName\":\"search_term_string\"}}],\"inLanguage\":\"fr-FR\"}]}<\/script>\n<!-- \/ Yoast SEO plugin. -->","yoast_head_json":{"title":"Nos partenaires - Mobilizing Justice","robots":{"index":"index","follow":"follow","max-snippet":"max-snippet:-1","max-image-preview":"max-image-preview:large","max-video-preview":"max-video-preview:-1"},"canonical":"https:\/\/mobilizingjustice.ca\/fr\/nos-partenaires\/","og_locale":"fr_FR","og_type":"article","og_title":"Nos partenaires - Mobilizing Justice","og_description":"Une expertise inestimable Nos partenaires apporteront leur expertise, dirigeront l&#8217;attention des groupes de travail et joueront un r\u00f4le essentiel dans la collecte de donn\u00e9es, l&#8217;engagement communautaire, la conception de projets pilotes, etc. Amalgamated Transit Union Canada ETOBICOKE ON Autorit\u00e9 r\u00e9gionale de transport m\u00e9tropolitain MONTR\u00c9AL QC Canada Mortgage and Housing Corporation OTTAWA ON Canadian Institute of [&hellip;]","og_url":"https:\/\/mobilizingjustice.ca\/fr\/nos-partenaires\/","og_site_name":"Mobilizing Justice","article_modified_time":"2021-12-07T21:58:47+00:00","og_image":[{"width":2400,"height":1170,"url":"https:\/\/mobilizingjustice.ca\/wp-content\/uploads\/2021\/11\/about-our-partners.jpg","type":"image\/jpeg"}],"twitter_card":"summary_large_image","twitter_misc":{"Est. reading time":"2 minutes"},"schema":{"@context":"https:\/\/schema.org","@graph":[{"@type":"WebPage","@id":"https:\/\/mobilizingjustice.ca\/fr\/nos-partenaires\/","url":"https:\/\/mobilizingjustice.ca\/fr\/nos-partenaires\/","name":"Nos partenaires - Mobilizing Justice","isPartOf":{"@id":"https:\/\/mobilizingjustice.ca\/fr\/#website"},"primaryImageOfPage":{"@id":"https:\/\/mobilizingjustice.ca\/fr\/nos-partenaires\/#primaryimage"},"image":{"@id":"https:\/\/mobilizingjustice.ca\/fr\/nos-partenaires\/#primaryimage"},"thumbnailUrl":"https:\/\/mobilizingjustice.ca\/wp-content\/uploads\/2021\/11\/about-our-partners.jpg","datePublished":"2021-12-06T18:44:18+00:00","dateModified":"2021-12-07T21:58:47+00:00","inLanguage":"fr-FR","potentialAction":[{"@type":"ReadAction","target":["https:\/\/mobilizingjustice.ca\/fr\/nos-partenaires\/"]}]},{"@type":"ImageObject","inLanguage":"fr-FR","@id":"https:\/\/mobilizingjustice.ca\/fr\/nos-partenaires\/#primaryimage","url":"https:\/\/mobilizingjustice.ca\/wp-content\/uploads\/2021\/11\/about-our-partners.jpg","contentUrl":"https:\/\/mobilizingjustice.ca\/wp-content\/uploads\/2021\/11\/about-our-partners.jpg","width":2400,"height":1170},{"@type":"WebSite","@id":"https:\/\/mobilizingjustice.ca\/fr\/#website","url":"https:\/\/mobilizingjustice.ca\/fr\/","name":"Mobilizing Justice","description":"Towards Evidence-Based Transportation Equity Policy","potentialAction":[{"@type":"SearchAction","target":{"@type":"EntryPoint","urlTemplate":"https:\/\/mobilizingjustice.ca\/fr\/?s={search_term_string}"},"query-input":{"@type":"PropertyValueSpecification","valueRequired":true,"valueName":"search_term_string"}}],"inLanguage":"fr-FR"}]}},"_links":{"self":[{"href":"https:\/\/mobilizingjustice.ca\/fr\/wp-json\/wp\/v2\/pages\/751","targetHints":{"allow":["GET"]}}],"collection":[{"href":"https:\/\/mobilizingjustice.ca\/fr\/wp-json\/wp\/v2\/pages"}],"about":[{"href":"https:\/\/mobilizingjustice.ca\/fr\/wp-json\/wp\/v2\/types\/page"}],"author":[{"embeddable":true,"href":"https:\/\/mobilizingjustice.ca\/fr\/wp-json\/wp\/v2\/users\/1"}],"replies":[{"embeddable":true,"href":"https:\/\/mobilizingjustice.ca\/fr\/wp-json\/wp\/v2\/comments?post=751"}],"version-history":[{"count":3,"href":"https:\/\/mobilizingjustice.ca\/fr\/wp-json\/wp\/v2\/pages\/751\/revisions"}],"predecessor-version":[{"id":874,"href":"https:\/\/mobilizingjustice.ca\/fr\/wp-json\/wp\/v2\/pages\/751\/revisions\/874"}],"wp:featuredmedia":[{"embeddable":true,"href":"https:\/\/mobilizingjustice.ca\/fr\/wp-json\/wp\/v2\/media\/636"}],"wp:attachment":[{"href":"https:\/\/mobilizingjustice.ca\/fr\/wp-json\/wp\/v2\/media?parent=751"}],"wp:term":[{"taxonomy":"wf_page_folders","embeddable":true,"href":"https:\/\/mobilizingjustice.ca\/fr\/wp-json\/wp\/v2\/wf_page_folders?post=751"}],"curies":[{"name":"wp","href":"https:\/\/api.w.org\/{rel}","templated":true}]}}