{"id":777,"date":"2021-12-06T15:52:39","date_gmt":"2021-12-06T19:52:39","guid":{"rendered":"https:\/\/mobilizingjustice.ca\/?page_id=777"},"modified":"2021-12-07T13:44:15","modified_gmt":"2021-12-07T17:44:15","slug":"objectifs-principaux","status":"publish","type":"page","link":"https:\/\/mobilizingjustice.ca\/fr\/objectifs-principaux\/","title":{"rendered":"Objectifs principaux"},"content":{"rendered":"<div class=\"side-image-ctn right\">\n    <h2 class=\"title\">\n        Qui sommes nous?\n    <\/h2>\n\n    <div class=\"content\">\n        <div class=\"text\">\n            <h3>Un partenariat de 5 ans<\/h3>\n<ul>\n<li>Les obstacles au transport limitent la capacit\u00e9 de nombreux Canadiens \u00e0 se rendre au travail, \u00e0 acc\u00e9der aux soins de sant\u00e9, \u00e0 utiliser les services publics et \u00e0 participer \u00e0 la vie publique.<\/li>\n<li>Ces limitations nuisent \u00e0 la sant\u00e9, au bien-\u00eatre et \u00e0 la capacit\u00e9 de prosp\u00e9rer des individus. Les obstacles au transport aggraveront les in\u00e9galit\u00e9s sociales alors que la croissance d\u00e9mographique, l&#8217;embourgeoisement et le caract\u00e8re inabordable continuent de pousser les r\u00e9sidents les moins ais\u00e9s vers les p\u00e9riph\u00e9ries des villes, o\u00f9 les gouvernements ont eu du mal \u00e0 fournir des infrastructures efficaces de transport en commun, de marche et de v\u00e9lo. La pand\u00e9mie de COVID-19 a amplifi\u00e9 ces probl\u00e8mes, les impacts disparates de la maladie renfor\u00e7ant de nombreuses in\u00e9galit\u00e9s urbaines.<\/li>\n<\/ul>\n<p>Mobilizing Justice est un partenariat de recherche multisectoriel engag\u00e9 \u00e0 r\u00e9soudre les in\u00e9galit\u00e9s en mati\u00e8re de transport dans les villes canadiennes. Nous sommes une coalition sans pr\u00e9c\u00e9dent qui comprend 33 universitaires de 6 provinces canadiennes et 3 pays, 14 agences gouvernementales, 7 entreprises de transport et 7 organisations \u00e0 but non lucratif. Tous nos partenaires sont r\u00e9solument engag\u00e9s \u00e0 fournir des syst\u00e8mes de transport \u00e9quitables.<\/p>\n\n        <\/div>\n\n        <img decoding=\"async\" class=\"image\" \n            src=\"https:\/\/mobilizingjustice.ca\/wp-content\/uploads\/2021\/11\/who-are-we-e1637708035181.jpg\" \n            alt=\"who-are-we\">\n    <\/div>\n<\/div>\n\n\n<h3 class=\"wp-block-heading\">Nous atteindrons notre objectif principal de faire progresser l&#8217;\u00e9quit\u00e9 dans les transports en produisant&nbsp;:<\/h3>\n\n\n\n<ul class=\"wp-block-list\"><li>La toute premi\u00e8re \u00e9valuation et compilation de travaux de plaidoyer pour l&#8217;\u00e9quit\u00e9 en mati\u00e8re de transport men\u00e9s par la communaut\u00e9;<\/li><li>Une enqu\u00eate nationale \u00e0 large \u00e9chantillon sur l&#8217;\u00e9quit\u00e9 en mati\u00e8re de transport (n=20 000);<\/li><li>Un ensemble complet de lignes directrices et de processus valid\u00e9s pour \u00e9tablir et atteindre les objectifs d&#8217;\u00e9quit\u00e9 en mati\u00e8re de transport dans les plans officiels et les analyses de rentabilisation des transports&nbsp;; et<\/li><li>Un solide corpus d&#8217;\u00e9valuations empiriques de la technologie de mobilit\u00e9 et des projets pilotes de politiques qui sont con\u00e7us pour r\u00e9pondre aux besoins des personnes confront\u00e9es \u00e0 des obstacles au transport.<\/li><\/ul>\n\n\n\n<div style=\"height:50px\" aria-hidden=\"true\" class=\"wp-block-spacer\"><\/div>\n\n\n\n<h2 class=\"wp-block-heading\">What we are doing?<\/h2>\n\n\n<div class=\"row-list-cpn\">\n    <h3>Activit\u00e9s de recherche<\/h3>\n    \n    <div class=\"items\">\n        \n            <div class=\"item\">\n                <img decoding=\"async\" class=\"image\" src=\"https:\/\/mobilizingjustice.ca\/wp-content\/uploads\/2021\/10\/working-groups-national-survey.jpg\">\n                <h4 class=\"title\">A1 : Enqu\u00eate nationale <\/h4>\n                <p class=\"description\">Mener le premier sondage national du Canada sur l&#8217;\u00e9quit\u00e9 en mati\u00e8re de transport.<\/p>\n                <a class=\"arrow link\" href=\"http:\/\/mobilizingjustice.ca\/fr\/working-groups\/enquete-nationale-sur-la-pauvrete-des-transports-et-lexclusion-sociale-liee-au-transport\/\">Enqu\u00eate nationale<\/a>\n            <\/div>\n\n        \n            <div class=\"item\">\n                <img decoding=\"async\" class=\"image\" src=\"https:\/\/mobilizingjustice.ca\/wp-content\/uploads\/2021\/10\/working-groups-equity-standards.jpg\">\n                <h4 class=\"title\">A2 : Normes bas\u00e9es sur les donn\u00e9es <\/h4>\n                <p class=\"description\">Cr\u00e9ez des lignes directrices pour la planification des transports \u00e0 l&#8217;aide de donn\u00e9es et d&#8217;outils d&#8217;analyse de pointe.<\/p>\n                <a class=\"arrow link\" href=\"http:\/\/mobilizingjustice.ca\/fr\/working-groups\/normes-dequite-basees-sur-les-donnees\/\">Normes bas\u00e9es sur les donn\u00e9es <\/a>\n            <\/div>\n\n        \n            <div class=\"item\">\n                <img decoding=\"async\" class=\"image\" src=\"https:\/\/mobilizingjustice.ca\/wp-content\/uploads\/2021\/10\/working-groups-pilots-experimentation.jpg\">\n                <h4 class=\"title\">A3 : Politiques et projets pilotes<\/h4>\n                <p class=\"description\">Financer 8 \u00e9valuations d&#8217;\u00e9quit\u00e9 de nouvelles technologies de transport ou de politiques innovantes qui sont mises \u00e0 l&#8217;essai dans le monde r\u00e9el.<\/p>\n                <a class=\"arrow link\" href=\"http:\/\/mobilizingjustice.ca\/fr\/working-groups\/projets-pilotes-et-politiques-innovantes\/\">Politiques et projets pilotes<\/a>\n            <\/div>\n\n            <\/div>\n<\/div>\n\n<div class=\"row-list-cpn\">\n    <h3>Th\u00e8mes transversaux<\/h3>\n    \n    <div class=\"items\">\n        \n            <div class=\"item\">\n                <img decoding=\"async\" class=\"image\" src=\"https:\/\/mobilizingjustice.ca\/wp-content\/uploads\/2021\/10\/working-groups-prioritizing-populations.jpg\">\n                <h4 class=\"title\">T1 : Prioriser les populations <\/h4>\n                <p class=\"description\">Mettre l&#8217;accent sur les besoins et les aspirations des personnes historiquement mal desservies par le syst\u00e8me de transport.<\/p>\n                <a class=\"arrow link\" href=\"http:\/\/mobilizingjustice.ca\/fr\/working-groups\/prioriser-les-populations\/\">Prioriser les populations<\/a>\n            <\/div>\n\n        \n            <div class=\"item\">\n                <img decoding=\"async\" class=\"image\" src=\"https:\/\/mobilizingjustice.ca\/wp-content\/uploads\/2021\/10\/working-groups-transportations-mode.jpg\">\n                <h4 class=\"title\">T2 : Les modes<\/h4>\n                <p class=\"description\">Documentez les obstacles aux modes de transport et comment les gens s&#8217;adaptent pour les surmonter.<\/p>\n                <a class=\"arrow link\" href=\"http:\/\/mobilizingjustice.ca\/fr\/working-groups\/modes-de-transport\/\">Les modes<\/a>\n            <\/div>\n\n        \n            <div class=\"item\">\n                <img decoding=\"async\" class=\"image\" src=\"https:\/\/mobilizingjustice.ca\/wp-content\/uploads\/2021\/10\/working-groups-equitable-community.jpg\">\n                <h4 class=\"title\">T3 : Planification \u00e9quitable <\/h4>\n                <p class=\"description\">Utiliser des m\u00e9thodes de recherche collaborative pour comprendre comment les activit\u00e9s des groupes communautaires, des planificateurs et des d\u00e9cideurs peuvent mieux soutenir des processus de planification \u00e9quitables.\r\n<\/p>\n                <a class=\"arrow link\" href=\"http:\/\/mobilizingjustice.ca\/fr\/working-groups\/planification-et-engagement-communautaire-equitable\/\">Planification \u00e9quitable<\/a>\n            <\/div>\n\n            <\/div>\n<\/div>","protected":false},"excerpt":{"rendered":"<p>Nous atteindrons notre objectif principal de faire progresser l&#8217;\u00e9quit\u00e9 dans les transports en produisant&nbsp;: La toute premi\u00e8re \u00e9valuation et compilation de travaux de plaidoyer pour l&#8217;\u00e9quit\u00e9 en mati\u00e8re de transport men\u00e9s par la communaut\u00e9; Une enqu\u00eate nationale \u00e0 large \u00e9chantillon sur l&#8217;\u00e9quit\u00e9 en mati\u00e8re de transport (n=20 000); Un ensemble complet de lignes directrices et [&hellip;]<\/p>\n","protected":false},"author":1,"featured_media":274,"parent":0,"menu_order":0,"comment_status":"closed","ping_status":"closed","template":"templates\/page-hero.php","meta":{"_acf_changed":false,"footnotes":""},"wf_page_folders":[],"class_list":["post-777","page","type-page","status-publish","has-post-thumbnail","hentry"],"acf":[],"yoast_head":"<!-- This site is optimized with the Yoast SEO plugin v25.7 - https:\/\/yoast.com\/wordpress\/plugins\/seo\/ -->\n<title>Objectifs principaux - Mobilizing Justice<\/title>\n<meta name=\"robots\" content=\"index, follow, max-snippet:-1, max-image-preview:large, max-video-preview:-1\" \/>\n<link rel=\"canonical\" href=\"https:\/\/mobilizingjustice.ca\/fr\/objectifs-principaux\/\" \/>\n<meta property=\"og:locale\" content=\"fr_FR\" \/>\n<meta property=\"og:type\" content=\"article\" \/>\n<meta property=\"og:title\" content=\"Objectifs principaux - Mobilizing Justice\" \/>\n<meta property=\"og:description\" content=\"Nous atteindrons notre objectif principal de faire progresser l&#8217;\u00e9quit\u00e9 dans les transports en produisant&nbsp;: La toute premi\u00e8re \u00e9valuation et compilation de travaux de plaidoyer pour l&#8217;\u00e9quit\u00e9 en mati\u00e8re de transport men\u00e9s par la communaut\u00e9; Une enqu\u00eate nationale \u00e0 large \u00e9chantillon sur l&#8217;\u00e9quit\u00e9 en mati\u00e8re de transport (n=20 000); Un ensemble complet de lignes directrices et [&hellip;]\" \/>\n<meta property=\"og:url\" content=\"https:\/\/mobilizingjustice.ca\/fr\/objectifs-principaux\/\" \/>\n<meta property=\"og:site_name\" content=\"Mobilizing Justice\" \/>\n<meta property=\"article:modified_time\" content=\"2021-12-07T17:44:15+00:00\" \/>\n<meta property=\"og:image\" content=\"https:\/\/mobilizingjustice.ca\/wp-content\/uploads\/2021\/10\/about-main-objectives.jpg\" \/>\n\t<meta property=\"og:image:width\" content=\"2400\" \/>\n\t<meta property=\"og:image:height\" content=\"1170\" \/>\n\t<meta property=\"og:image:type\" content=\"image\/jpeg\" \/>\n<meta name=\"twitter:card\" content=\"summary_large_image\" \/>\n<meta name=\"twitter:label1\" content=\"Est. reading time\" \/>\n\t<meta name=\"twitter:data1\" content=\"1 minute\" \/>\n<script type=\"application\/ld+json\" class=\"yoast-schema-graph\">{\"@context\":\"https:\/\/schema.org\",\"@graph\":[{\"@type\":\"WebPage\",\"@id\":\"https:\/\/mobilizingjustice.ca\/fr\/objectifs-principaux\/\",\"url\":\"https:\/\/mobilizingjustice.ca\/fr\/objectifs-principaux\/\",\"name\":\"Objectifs principaux - Mobilizing Justice\",\"isPartOf\":{\"@id\":\"https:\/\/mobilizingjustice.ca\/fr\/#website\"},\"primaryImageOfPage\":{\"@id\":\"https:\/\/mobilizingjustice.ca\/fr\/objectifs-principaux\/#primaryimage\"},\"image\":{\"@id\":\"https:\/\/mobilizingjustice.ca\/fr\/objectifs-principaux\/#primaryimage\"},\"thumbnailUrl\":\"https:\/\/mobilizingjustice.ca\/wp-content\/uploads\/2021\/10\/about-main-objectives.jpg\",\"datePublished\":\"2021-12-06T19:52:39+00:00\",\"dateModified\":\"2021-12-07T17:44:15+00:00\",\"inLanguage\":\"fr-FR\",\"potentialAction\":[{\"@type\":\"ReadAction\",\"target\":[\"https:\/\/mobilizingjustice.ca\/fr\/objectifs-principaux\/\"]}]},{\"@type\":\"ImageObject\",\"inLanguage\":\"fr-FR\",\"@id\":\"https:\/\/mobilizingjustice.ca\/fr\/objectifs-principaux\/#primaryimage\",\"url\":\"https:\/\/mobilizingjustice.ca\/wp-content\/uploads\/2021\/10\/about-main-objectives.jpg\",\"contentUrl\":\"https:\/\/mobilizingjustice.ca\/wp-content\/uploads\/2021\/10\/about-main-objectives.jpg\",\"width\":2400,\"height\":1170},{\"@type\":\"WebSite\",\"@id\":\"https:\/\/mobilizingjustice.ca\/fr\/#website\",\"url\":\"https:\/\/mobilizingjustice.ca\/fr\/\",\"name\":\"Mobilizing Justice\",\"description\":\"Towards Evidence-Based Transportation Equity Policy\",\"potentialAction\":[{\"@type\":\"SearchAction\",\"target\":{\"@type\":\"EntryPoint\",\"urlTemplate\":\"https:\/\/mobilizingjustice.ca\/fr\/?s={search_term_string}\"},\"query-input\":{\"@type\":\"PropertyValueSpecification\",\"valueRequired\":true,\"valueName\":\"search_term_string\"}}],\"inLanguage\":\"fr-FR\"}]}<\/script>\n<!-- \/ Yoast SEO plugin. -->","yoast_head_json":{"title":"Objectifs principaux - Mobilizing Justice","robots":{"index":"index","follow":"follow","max-snippet":"max-snippet:-1","max-image-preview":"max-image-preview:large","max-video-preview":"max-video-preview:-1"},"canonical":"https:\/\/mobilizingjustice.ca\/fr\/objectifs-principaux\/","og_locale":"fr_FR","og_type":"article","og_title":"Objectifs principaux - Mobilizing Justice","og_description":"Nous atteindrons notre objectif principal de faire progresser l&#8217;\u00e9quit\u00e9 dans les transports en produisant&nbsp;: La toute premi\u00e8re \u00e9valuation et compilation de travaux de plaidoyer pour l&#8217;\u00e9quit\u00e9 en mati\u00e8re de transport men\u00e9s par la communaut\u00e9; Une enqu\u00eate nationale \u00e0 large \u00e9chantillon sur l&#8217;\u00e9quit\u00e9 en mati\u00e8re de transport (n=20 000); Un ensemble complet de lignes directrices et [&hellip;]","og_url":"https:\/\/mobilizingjustice.ca\/fr\/objectifs-principaux\/","og_site_name":"Mobilizing Justice","article_modified_time":"2021-12-07T17:44:15+00:00","og_image":[{"width":2400,"height":1170,"url":"https:\/\/mobilizingjustice.ca\/wp-content\/uploads\/2021\/10\/about-main-objectives.jpg","type":"image\/jpeg"}],"twitter_card":"summary_large_image","twitter_misc":{"Est. reading time":"1 minute"},"schema":{"@context":"https:\/\/schema.org","@graph":[{"@type":"WebPage","@id":"https:\/\/mobilizingjustice.ca\/fr\/objectifs-principaux\/","url":"https:\/\/mobilizingjustice.ca\/fr\/objectifs-principaux\/","name":"Objectifs principaux - Mobilizing Justice","isPartOf":{"@id":"https:\/\/mobilizingjustice.ca\/fr\/#website"},"primaryImageOfPage":{"@id":"https:\/\/mobilizingjustice.ca\/fr\/objectifs-principaux\/#primaryimage"},"image":{"@id":"https:\/\/mobilizingjustice.ca\/fr\/objectifs-principaux\/#primaryimage"},"thumbnailUrl":"https:\/\/mobilizingjustice.ca\/wp-content\/uploads\/2021\/10\/about-main-objectives.jpg","datePublished":"2021-12-06T19:52:39+00:00","dateModified":"2021-12-07T17:44:15+00:00","inLanguage":"fr-FR","potentialAction":[{"@type":"ReadAction","target":["https:\/\/mobilizingjustice.ca\/fr\/objectifs-principaux\/"]}]},{"@type":"ImageObject","inLanguage":"fr-FR","@id":"https:\/\/mobilizingjustice.ca\/fr\/objectifs-principaux\/#primaryimage","url":"https:\/\/mobilizingjustice.ca\/wp-content\/uploads\/2021\/10\/about-main-objectives.jpg","contentUrl":"https:\/\/mobilizingjustice.ca\/wp-content\/uploads\/2021\/10\/about-main-objectives.jpg","width":2400,"height":1170},{"@type":"WebSite","@id":"https:\/\/mobilizingjustice.ca\/fr\/#website","url":"https:\/\/mobilizingjustice.ca\/fr\/","name":"Mobilizing Justice","description":"Towards Evidence-Based Transportation Equity Policy","potentialAction":[{"@type":"SearchAction","target":{"@type":"EntryPoint","urlTemplate":"https:\/\/mobilizingjustice.ca\/fr\/?s={search_term_string}"},"query-input":{"@type":"PropertyValueSpecification","valueRequired":true,"valueName":"search_term_string"}}],"inLanguage":"fr-FR"}]}},"_links":{"self":[{"href":"https:\/\/mobilizingjustice.ca\/fr\/wp-json\/wp\/v2\/pages\/777","targetHints":{"allow":["GET"]}}],"collection":[{"href":"https:\/\/mobilizingjustice.ca\/fr\/wp-json\/wp\/v2\/pages"}],"about":[{"href":"https:\/\/mobilizingjustice.ca\/fr\/wp-json\/wp\/v2\/types\/page"}],"author":[{"embeddable":true,"href":"https:\/\/mobilizingjustice.ca\/fr\/wp-json\/wp\/v2\/users\/1"}],"replies":[{"embeddable":true,"href":"https:\/\/mobilizingjustice.ca\/fr\/wp-json\/wp\/v2\/comments?post=777"}],"version-history":[{"count":4,"href":"https:\/\/mobilizingjustice.ca\/fr\/wp-json\/wp\/v2\/pages\/777\/revisions"}],"predecessor-version":[{"id":860,"href":"https:\/\/mobilizingjustice.ca\/fr\/wp-json\/wp\/v2\/pages\/777\/revisions\/860"}],"wp:featuredmedia":[{"embeddable":true,"href":"https:\/\/mobilizingjustice.ca\/fr\/wp-json\/wp\/v2\/media\/274"}],"wp:attachment":[{"href":"https:\/\/mobilizingjustice.ca\/fr\/wp-json\/wp\/v2\/media?parent=777"}],"wp:term":[{"taxonomy":"wf_page_folders","embeddable":true,"href":"https:\/\/mobilizingjustice.ca\/fr\/wp-json\/wp\/v2\/wf_page_folders?post=777"}],"curies":[{"name":"wp","href":"https:\/\/api.w.org\/{rel}","templated":true}]}}